{"id":589,"date":"2023-10-25T08:09:19","date_gmt":"2023-10-25T08:09:19","guid":{"rendered":"https:\/\/www.lancenters.com.pe\/home\/?page_id=589"},"modified":"2024-11-19T16:25:46","modified_gmt":"2024-11-19T21:25:46","slug":"fags","status":"publish","type":"page","link":"https:\/\/www.lancenters.com.pe\/home\/fags\/","title":{"rendered":"Fags"},"content":{"rendered":"\t\t<div data-elementor-type=\"wp-page\" data-elementor-id=\"589\" class=\"elementor elementor-589\">\n\t\t\t\t\t\t<div class=\"elementor-section elementor-top-section elementor-element elementor-element-39bda16 elementor-section-full_width elementor-section-height-default elementor-section-height-default\" data-id=\"39bda16\" data-element_type=\"section\">\n\t\t\t\t\t\t<div class=\"elementor-container elementor-column-gap-no\">\n\t\t\t\t\t<div class=\"elementor-column elementor-col-100 elementor-top-column elementor-element elementor-element-8371784\" data-id=\"8371784\" data-element_type=\"column\">\n\t\t\t<div class=\"elementor-widget-wrap elementor-element-populated\">\n\t\t\t\t\t\t<div class=\"elementor-element elementor-element-feb7ed9 elementor-widget elementor-widget-Tinja_Faq_Search\" data-id=\"feb7ed9\" data-element_type=\"widget\" data-widget_type=\"Tinja_Faq_Search.default\">\n\t\t\t\t<div class=\"elementor-widget-container\">\n\t\t\t        <!-- Start FAQ Search Area -->\r\n        <div class=\"faq-search-area ptb-140\">\r\n            <div class=\"container\">\r\n                <div class=\"faq-search-content mx-auto text-center\" data-cues=\"slideInUp\" data-group=\"faqSearchContent\">\r\n                                            <h2 class=\"text-uppercase\">\r\n                            Preguntas m\u00e1s frecuentes Pregunta:                        <\/h2>\r\n                     \r\n                                            <form role=\"search\" method=\"get\" id=\"search2\" action=\"https:\/\/www.lancenters.com.pe\/home\/\" class=\"position-relative\">\r\n                            <input type=\"text\" value=\"\" name=\"s\" id=\"s1\" required  class=\"form-control\" placeholder=\"Type your question or keywords...\">\r\n                            <button type=\"submit\" class=\"bg-transparent p-0 border-0\">\r\n                                <i class=\"flaticon-search\"><\/i>\r\n                            <\/button>\r\n                        <\/form>\r\n                                                                <ul class=\"ps-0 mb-0 list-unstyled text-uppercase fw-light\">\r\n                                                    <li class=\"d-inline-block\">\r\n                                <a href=\"https:\/\/www.lancenters.com.pe\/home\/tag\/3d-games\/\" class=\"d-block text-decoration-none\">\r\n                                    3D GAMES                                <\/a>\r\n                            <\/li>\r\n                                                        <li class=\"d-inline-block\">\r\n                                <a href=\"https:\/\/www.lancenters.com.pe\/home\/tag\/digital-artt\/\" class=\"d-block text-decoration-none\">\r\n                                    DIGITAL ARTT                                <\/a>\r\n                            <\/li>\r\n                                                        <li class=\"d-inline-block\">\r\n                                <a href=\"https:\/\/www.lancenters.com.pe\/home\/tag\/esports\/\" class=\"d-block text-decoration-none\">\r\n                                    ESPORTS                                <\/a>\r\n                            <\/li>\r\n                                                        <li class=\"d-inline-block\">\r\n                                <a href=\"https:\/\/www.lancenters.com.pe\/home\/tag\/games\/\" class=\"d-block text-decoration-none\">\r\n                                    GAMES                                <\/a>\r\n                            <\/li>\r\n                                                        <li class=\"d-inline-block\">\r\n                                <a href=\"https:\/\/www.lancenters.com.pe\/home\/tag\/online-games\/\" class=\"d-block text-decoration-none\">\r\n                                    ONLINE GAMES                                <\/a>\r\n                            <\/li>\r\n                                                        <li class=\"d-inline-block\">\r\n                                <a href=\"https:\/\/www.lancenters.com.pe\/home\/tag\/tabel-uireel\/\" class=\"d-block text-decoration-none\">\r\n                                    TABEL UIREEL                                <\/a>\r\n                            <\/li>\r\n                                                    <\/ul>\r\n                                    <\/div>\r\n            <\/div>\r\n        <\/div>\r\n        <!-- End FAQ Search Area -->\r\n        \t\t<\/div>\n\t\t\t\t<\/div>\n\t\t\t\t\t<\/div>\n\t\t<\/div>\n\t\t\t\t\t<\/div>\n\t\t<\/div>\n\t\t\t\t<div class=\"elementor-section elementor-top-section elementor-element elementor-element-572df72 elementor-section-full_width elementor-section-height-default elementor-section-height-default\" data-id=\"572df72\" data-element_type=\"section\">\n\t\t\t\t\t\t<div class=\"elementor-container elementor-column-gap-no\">\n\t\t\t\t\t<div class=\"elementor-column elementor-col-100 elementor-top-column elementor-element elementor-element-91efb1b\" data-id=\"91efb1b\" data-element_type=\"column\">\n\t\t\t<div class=\"elementor-widget-wrap elementor-element-populated\">\n\t\t\t\t\t\t<div class=\"elementor-element elementor-element-a662961 elementor-widget elementor-widget-Tinja_Faq_Section\" data-id=\"a662961\" data-element_type=\"widget\" data-widget_type=\"Tinja_Faq_Section.default\">\n\t\t\t\t<div class=\"elementor-widget-container\">\n\t\t\t\r\n        <!-- Start FAQ Area -->\r\n        <div class=\"faq-area\">\r\n            <div class=\"container\">\r\n                <div class=\"faq-content\">\r\n                                            <h2 class=\"text-uppercase\">Preguntas m\u00e1s frecuentes<\/h2>\r\n                                        <div class=\"accordion\" id=\"faqAccordion\" data-cues=\"slideInUp\" data-group=\"faqContent\">\r\n                                                                                    <div class=\"accordion-item\" style=\"background-image:url(https:\/\/www.lancenters.com.pe\/home\/wp-content\/uploads\/2023\/10\/bg23.jpg);\">\r\n                                    <button class=\"accordion-button d-block w-100 text-start text-uppercase fw-normal \" type=\"button\" data-bs-toggle=\"collapse\" data-bs-target=\"#collapse1\" aria-expanded=\"true\" aria-controls=\"collapse1\">\r\n                                        \u00bfEl programa Global Steam Cafe est\u00e1 dise\u00f1ado para una sola estaci\u00f3n o proporciona acceso a varias estaciones?                                    <\/button>\r\n                                    <div id=\"collapse1\" class=\"accordion-collapse collapse show\" data-bs-parent=\"#faqAccordion\">\r\n                                        <div class=\"accordion-body\">\r\n                                            <p class=\"fw-medium\">\r\n                                                El programa Global Steam Cafe otorga a tu ubicaci\u00f3n acceso a juegos en todas las m\u00e1quinas conectadas a la misma red. Esto significa que puede proporcionar acceso a juegos a trav\u00e9s de m\u00faltiples estaciones dentro de su centro LAN. Adem\u00e1s, puede ofrecer una opci\u00f3n Traiga su propia computadora (BYOC), lo que permite que esas m\u00e1quinas tambi\u00e9n accedan a los juegos.                                            <\/p>\r\n                                        <\/div>\r\n                                    <\/div>\r\n                                <\/div>\r\n                                                                                                                <div class=\"accordion-item\" style=\"background-image:url(https:\/\/www.lancenters.com.pe\/home\/wp-content\/uploads\/2023\/10\/bg23.jpg);\">\r\n                                    <button class=\"accordion-button d-block w-100 text-start text-uppercase fw-normal collapsed\" type=\"button\" data-bs-toggle=\"collapse\" data-bs-target=\"#collapse2\" aria-expanded=\"true\" aria-controls=\"collapse2\">\r\n                                        \u00bfVar\u00eda el n\u00famero de licencias de juego en funci\u00f3n de lo que proporcione el editor del juego?                                    <\/button>\r\n                                    <div id=\"collapse2\" class=\"accordion-collapse collapse \" data-bs-parent=\"#faqAccordion\">\r\n                                        <div class=\"accordion-body\">\r\n                                            <p class=\"fw-medium\">\r\n                                                El n\u00famero de licencias de juegos disponibles depende de la relaci\u00f3n que tengamos con cada editor de juegos. Sin embargo, siempre podemos agregar licencias adicionales en funci\u00f3n de la utilizaci\u00f3n. Tenemos acceso a an\u00e1lisis de datos avanzados para realizar un seguimiento de la utilizaci\u00f3n del juego, lo que nos permite identificar juegos populares y ajustar el n\u00famero de licencias en consecuencia. Esto garantiza que tenga suficientes licencias para satisfacer la demanda a medida que ciertos juegos se vuelven m\u00e1s populares.                                            <\/p>\r\n                                        <\/div>\r\n                                    <\/div>\r\n                                <\/div>\r\n                                                                                                                <div class=\"accordion-item\" style=\"background-image:url(https:\/\/www.lancenters.com.pe\/home\/wp-content\/uploads\/2023\/10\/bg23.jpg);\">\r\n                                    <button class=\"accordion-button d-block w-100 text-start text-uppercase fw-normal collapsed\" type=\"button\" data-bs-toggle=\"collapse\" data-bs-target=\"#collapse3\" aria-expanded=\"true\" aria-controls=\"collapse3\">\r\n                                        \u00bfCu\u00e1l es el n\u00famero medio de licencias disponibles para los juegos?                                    <\/button>\r\n                                    <div id=\"collapse3\" class=\"accordion-collapse collapse \" data-bs-parent=\"#faqAccordion\">\r\n                                        <div class=\"accordion-body\">\r\n                                            <p class=\"fw-medium\">\r\n                                                El n\u00famero promedio de licencias puede variar significativamente en funci\u00f3n de varios factores, incluida la anticipaci\u00f3n de un juego en particular, si obtenemos el juego temprano, en el lanzamiento, o si es un juego que ha pasado su pico de popularidad pero a\u00fan es deseable tenerlo. Nuestro acceso a an\u00e1lisis de datos avanzados nos permite monitorear la demanda de juegos y comprar licencias adicionales seg\u00fan sea necesario. Mancomunamos nuestros recursos en todos los centros para asegurarnos de que usamos los fondos de manera inteligente, lo que nos permite adquirir las licencias adecuadas para t\u00edtulos de alta demanda y, potencialmente, comprar juegos por adelantado para satisfacer las necesidades futuras de manera efectiva.                                            <\/p>\r\n                                        <\/div>\r\n                                    <\/div>\r\n                                <\/div>\r\n                                                                                                                <div class=\"accordion-item\" style=\"background-image:url(https:\/\/www.lancenters.com.pe\/home\/wp-content\/uploads\/2023\/10\/bg23.jpg);\">\r\n                                    <button class=\"accordion-button d-block w-100 text-start text-uppercase fw-normal collapsed\" type=\"button\" data-bs-toggle=\"collapse\" data-bs-target=\"#collapse4\" aria-expanded=\"true\" aria-controls=\"collapse4\">\r\n                                        \u00bfSe ofrecer\u00e1 Call of Duty?                                    <\/button>\r\n                                    <div id=\"collapse4\" class=\"accordion-collapse collapse \" data-bs-parent=\"#faqAccordion\">\r\n                                        <div class=\"accordion-body\">\r\n                                            <p class=\"fw-medium\">\r\n                                                En este momento, Call of Duty no forma parte del programa. Actualmente estamos en conversaciones con Activision Blizzard y continuaremos interactuando con ellos, as\u00ed como con otros editores de juegos importantes, para expandir nuestras ofertas. La idea central de este programa es unir a m\u00e1s centros LAN, lo que incentivar\u00e1 a los editores a colaborar m\u00e1s estrechamente y apoyar a la industria de los centros LAN.                                            <\/p>\r\n                                        <\/div>\r\n                                    <\/div>\r\n                                <\/div>\r\n                                                                                                                <div class=\"accordion-item\" style=\"background-image:url(https:\/\/www.lancenters.com.pe\/home\/wp-content\/uploads\/2023\/10\/bg23.jpg);\">\r\n                                    <button class=\"accordion-button d-block w-100 text-start text-uppercase fw-normal collapsed\" type=\"button\" data-bs-toggle=\"collapse\" data-bs-target=\"#collapse5\" aria-expanded=\"true\" aria-controls=\"collapse5\">\r\n                                        \u00bfCu\u00e1l es la lista de juegos que tienen?                                    <\/button>\r\n                                    <div id=\"collapse5\" class=\"accordion-collapse collapse \" data-bs-parent=\"#faqAccordion\">\r\n                                        <div class=\"accordion-body\">\r\n                                            <p class=\"fw-medium\">\r\n                                                Tenemos una lista de inicio de 38 videojuegos que cada mes va avanzando, estas son...........:\n\n\nAstroneer,\nAudioshield,\nCheckmate Showdown,\nConrad Stevenson&#039;s Paranormal P.I.,\nCounter Strike 2,\nDota 2,\nDota Underlords,\nEco,\nEnshrouded,\nFantastic Contraption,\nForgotten seas,\nGorn,\nGrime,\nGTFO,\nGun Club VR,\nHalf-Life,\nHalf-Life 2,\nHell Let Loose,\nHell Let Loose (Public Testing),\nHellDivers 2,\nHunt: Showdown 1896,\nHunt: Showdown 1896 (Test Server),\nInsurgency SandStorm,\nThe Lab,\nLeft 4 Dead 2,\nLegion TD 2,\nMarvel&#039;s Spider-man Remastered,\nParty Animals,\nPortal,\nPoralt 2,\nTeam Fortress 2,\nTilt Brush,\nTimberborn,\nTormented Souls,\nTrine 4: The Nightmare Prince,\nV Rising,\nWarhammer: Vermintide 2,\nWe Were Here Together,\nX Rebirth VR Edition,                                            <\/p>\r\n                                        <\/div>\r\n                                    <\/div>\r\n                                <\/div>\r\n                                                                        <\/div>\r\n                <\/div>\r\n            <\/div>\r\n        <\/div>\r\n        <!-- End FAQ Area -->\r\n        \t\t<\/div>\n\t\t\t\t<\/div>\n\t\t\t\t\t<\/div>\n\t\t<\/div>\n\t\t\t\t\t<\/div>\n\t\t<\/div>\n\t\t\t\t<\/div>\n\t\t","protected":false},"excerpt":{"rendered":"<p>Preguntas m\u00e1s frecuentes Pregunta: 3D GAMES DIGITAL ARTT ESPORTS GAMES ONLINE GAMES TABEL UIREEL Preguntas m\u00e1s frecuentes \u00bfEl programa Global Steam Cafe est\u00e1 dise\u00f1ado para una sola estaci\u00f3n o proporciona acceso a varias estaciones? El programa Global Steam Cafe otorga a tu ubicaci\u00f3n acceso a juegos en todas las m\u00e1quinas conectadas a la misma red. <\/p>\n","protected":false},"author":1,"featured_media":0,"parent":0,"menu_order":0,"comment_status":"closed","ping_status":"closed","template":"","meta":{"_acf_changed":false,"footnotes":""},"class_list":["post-589","page","type-page","status-publish","hentry"],"acf":[],"jetpack_sharing_enabled":true,"_links":{"self":[{"href":"https:\/\/www.lancenters.com.pe\/home\/wp-json\/wp\/v2\/pages\/589"}],"collection":[{"href":"https:\/\/www.lancenters.com.pe\/home\/wp-json\/wp\/v2\/pages"}],"about":[{"href":"https:\/\/www.lancenters.com.pe\/home\/wp-json\/wp\/v2\/types\/page"}],"author":[{"embeddable":true,"href":"https:\/\/www.lancenters.com.pe\/home\/wp-json\/wp\/v2\/users\/1"}],"replies":[{"embeddable":true,"href":"https:\/\/www.lancenters.com.pe\/home\/wp-json\/wp\/v2\/comments?post=589"}],"version-history":[{"count":56,"href":"https:\/\/www.lancenters.com.pe\/home\/wp-json\/wp\/v2\/pages\/589\/revisions"}],"predecessor-version":[{"id":1635,"href":"https:\/\/www.lancenters.com.pe\/home\/wp-json\/wp\/v2\/pages\/589\/revisions\/1635"}],"wp:attachment":[{"href":"https:\/\/www.lancenters.com.pe\/home\/wp-json\/wp\/v2\/media?parent=589"}],"curies":[{"name":"wp","href":"https:\/\/api.w.org\/{rel}","templated":true}]}}