{"id":19,"date":"2023-10-16T06:34:19","date_gmt":"2023-10-16T06:34:19","guid":{"rendered":"https:\/\/www.lancenters.com.pe\/home\/?page_id=19"},"modified":"2024-09-28T20:51:23","modified_gmt":"2024-09-29T01:51:23","slug":"contact","status":"publish","type":"page","link":"https:\/\/www.lancenters.com.pe\/home\/contact\/","title":{"rendered":"Contacto"},"content":{"rendered":"\t\t<div data-elementor-type=\"wp-page\" data-elementor-id=\"19\" class=\"elementor elementor-19\">\n\t\t\t\t\t\t<div class=\"elementor-section elementor-top-section elementor-element elementor-element-f6a4e61 elementor-section-full_width elementor-section-height-default elementor-section-height-default\" data-id=\"f6a4e61\" data-element_type=\"section\">\n\t\t\t\t\t\t<div class=\"elementor-container elementor-column-gap-no\">\n\t\t\t\t\t<div class=\"elementor-column elementor-col-100 elementor-top-column elementor-element elementor-element-7c134c3\" data-id=\"7c134c3\" data-element_type=\"column\">\n\t\t\t<div class=\"elementor-widget-wrap elementor-element-populated\">\n\t\t\t\t\t\t<div class=\"elementor-element elementor-element-6f18d2d elementor-widget elementor-widget-Tinja_Contact\" data-id=\"6f18d2d\" data-element_type=\"widget\" data-widget_type=\"Tinja_Contact.default\">\n\t\t\t\t<div class=\"elementor-widget-container\">\n\t\t\t\r\n        <!-- Start Contact Area -->\r\n        <div class=\"contact-area pt-140\">\r\n            <div class=\"container\">\r\n                <div class=\"row\" data-cues=\"slideInUp\" data-group=\"contactContent\">\r\n                    <div class=\"col-lg-7 col-md-12\">\r\n                        <div class=\"contact-form\">\r\n                                                            <h2 class=\"text-uppercase\">\r\n                                    Ponte en contacto con nosotros                                <\/h2>\r\n                                                                                        <p class=\"fw-medium\">\r\n                                    Tu direcci\u00f3n de correo electr\u00f3nico no ser\u00e1 publicada. Los campos obligatorios est\u00e1n marcados con *                                <\/p>\r\n                                                        \n<div class=\"wpcf7 no-js\" id=\"wpcf7-f719-o1\" lang=\"en-US\" dir=\"ltr\">\n<div class=\"screen-reader-response\"><p role=\"status\" aria-live=\"polite\" aria-atomic=\"true\"><\/p> <ul><\/ul><\/div>\n<form action=\"\/home\/wp-json\/wp\/v2\/pages\/19#wpcf7-f719-o1\" method=\"post\" class=\"wpcf7-form init\" aria-label=\"Contact form\" novalidate=\"novalidate\" data-status=\"init\">\n<div style=\"display: none;\">\n<input type=\"hidden\" name=\"_wpcf7\" value=\"719\" \/>\n<input type=\"hidden\" name=\"_wpcf7_version\" value=\"5.9.8\" \/>\n<input type=\"hidden\" name=\"_wpcf7_locale\" value=\"en_US\" \/>\n<input type=\"hidden\" name=\"_wpcf7_unit_tag\" value=\"wpcf7-f719-o1\" \/>\n<input type=\"hidden\" name=\"_wpcf7_container_post\" value=\"0\" \/>\n<input type=\"hidden\" name=\"_wpcf7_posted_data_hash\" value=\"\" \/>\n<\/div>\n<div class=\"form-group\">\n\t<p><span class=\"wpcf7-form-control-wrap\" data-name=\"your-name\"><input size=\"40\" maxlength=\"400\" class=\"wpcf7-form-control wpcf7-text wpcf7-validates-as-required form-control\" aria-required=\"true\" aria-invalid=\"false\" placeholder=\"Nombre*\" value=\"\" type=\"text\" name=\"your-name\" \/><\/span>\n\t<\/p>\n<\/div>\n<div class=\"form-group\">\n\t<p><span class=\"wpcf7-form-control-wrap\" data-name=\"email\"><input size=\"40\" maxlength=\"400\" class=\"wpcf7-form-control wpcf7-email wpcf7-validates-as-required wpcf7-text wpcf7-validates-as-email form-control\" aria-required=\"true\" aria-invalid=\"false\" placeholder=\"Email*\" value=\"\" type=\"email\" name=\"email\" \/><\/span>\n\t<\/p>\n<\/div>\n<div class=\"form-group\">\n\t<p><span class=\"wpcf7-form-control-wrap\" data-name=\"number\"><input class=\"wpcf7-form-control wpcf7-number wpcf7-validates-as-required wpcf7-validates-as-number form-control\" aria-required=\"true\" aria-invalid=\"false\" placeholder=\"Tel\u00e9fono\" value=\"\" type=\"number\" name=\"number\" \/><\/span>\n\t<\/p>\n<\/div>\n<div class=\"form-group\">\n\t<p><span class=\"wpcf7-form-control-wrap\" data-name=\"textarea\"><textarea cols=\"40\" rows=\"10\" maxlength=\"2000\" class=\"wpcf7-form-control wpcf7-textarea wpcf7-validates-as-required form-control\" aria-required=\"true\" aria-invalid=\"false\" placeholder=\"Escriba*\" name=\"textarea\"><\/textarea><\/span>\n\t<\/p>\n<\/div>\n<p><button type=\"submit\" class=\"default-btn position-relative d-inline-block text-uppercase text-decoration-none z-1 fw-light text-center border-0\" data-text=\"Enviar\"><br \/>\n<span class=\"d-inline-block title\"><br \/>\nEnviar<br \/>\n<\/span><br \/>\n<\/button>\n<\/p><p style=\"display: none !important;\" class=\"akismet-fields-container\" data-prefix=\"_wpcf7_ak_\"><label>&#916;<textarea name=\"_wpcf7_ak_hp_textarea\" cols=\"45\" rows=\"8\" maxlength=\"100\"><\/textarea><\/label><input type=\"hidden\" id=\"ak_js_1\" name=\"_wpcf7_ak_js\" value=\"122\"\/><script>document.getElementById( \"ak_js_1\" ).setAttribute( \"value\", ( new Date() ).getTime() );<\/script><\/p><div class=\"wpcf7-response-output\" aria-hidden=\"true\"><\/div>\n<\/form>\n<\/div>\n                        <\/div>\r\n                    <\/div>\r\n                    <div class=\"col-lg-5 col-md-12\">\r\n                        <ul class=\"contact-info mb-0 list-unstyled\" style=\"background-image:url(https:\/\/www.lancenters.com.pe\/home\/wp-content\/themes\/tinja\/assets\/img\/bg22.jpg);\">\r\n                                                            <li class=\"position-relative\">\r\n                                    <div class=\"icon\">\r\n                                        <i class=\"flaticon-maps-and-flags\"><\/i>\r\n                                    <\/div>\r\n                                    <h4 class=\"text-uppercase fw-medium\">\r\n                                        Direcci\u00f3n                                    <\/h4>\r\n                                    <p>\r\n                                        Bertolotto 366, Lima 32 - Per\u00fa                                    <\/p>\r\n                                <\/li>\r\n                                                                                        <li class=\"position-relative\">\r\n                                    <div class=\"icon\">\r\n                                        <i class=\"flaticon-telephone\"><\/i>\r\n                                    <\/div>\r\n                                    <h4 class=\"text-uppercase fw-medium\">\r\n                                        Contacto                                    <\/h4>\r\n                                    <p>\r\n                                        M\u00f3vil: <a href=\"tel:+51993132582\">(+51) - 993132582<\/a>\n                                    <br>\n                                    Email: <a href=\"mailto:contacto@lancenters.com.pe\">contacto@lancenters.com.pe<\/a>                                    <\/p>\r\n                                <\/li>\r\n                                                                                        <li class=\"position-relative\">\r\n                                    <div class=\"icon\">\r\n                                        <i class=\"flaticon-telegram\"><\/i>\r\n                                    <\/div>\r\n                                    <h4 class=\"text-uppercase fw-medium\">\r\n                                        Redes Sociales                                    <\/h4>\r\n                                    <div class=\"socials-link\">\r\n                                                                                    <a href=\"#\" target=\"_blank\" class=\"text-decoration-none d-inline-block\">\r\n                                                <i class=\"flaticon-twitch-1\"><\/i>\r\n                                            <\/a>\r\n                                                                                    <a href=\"#\" target=\"_blank\" class=\"text-decoration-none d-inline-block\">\r\n                                                <i class=\"flaticon-facebook-app-symbol\"><\/i>\r\n                                            <\/a>\r\n                                                                                    <a href=\"#\" target=\"_blank\" class=\"text-decoration-none d-inline-block\">\r\n                                                <i class=\"flaticon-twitter-1\"><\/i>\r\n                                            <\/a>\r\n                                                                                    <a href=\"#\" target=\"_blank\" class=\"text-decoration-none d-inline-block\">\r\n                                                <i class=\"flaticon-tik-tok\"><\/i>\r\n                                            <\/a>\r\n                                                                                    <a href=\"#\" target=\"_blank\" class=\"text-decoration-none d-inline-block\">\r\n                                                <i class=\"flaticon-vimeo\"><\/i>\r\n                                            <\/a>\r\n                                                                                    <a href=\"#\" target=\"_blank\" class=\"text-decoration-none d-inline-block\">\r\n                                                <i class=\"flaticon-instagram\"><\/i>\r\n                                            <\/a>\r\n                                                                                    <a href=\"#\" target=\"_blank\" class=\"text-decoration-none d-inline-block\">\r\n                                                <i class=\"flaticon-youtube-1\"><\/i>\r\n                                            <\/a>\r\n                                                                            <\/div>\r\n                                <\/li>\r\n                                                    <\/ul>\r\n                    <\/div>\r\n                <\/div>\r\n            <\/div>\r\n        <\/div>\r\n        <!-- End Contact Area -->\r\n        \t\t<\/div>\n\t\t\t\t<\/div>\n\t\t\t\t\t<\/div>\n\t\t<\/div>\n\t\t\t\t\t<\/div>\n\t\t<\/div>\n\t\t\t\t<\/div>\n\t\t","protected":false},"excerpt":{"rendered":"<p>Ponte en contacto con nosotros Tu direcci\u00f3n de correo electr\u00f3nico no ser\u00e1 publicada. Los campos obligatorios est\u00e1n marcados con * Enviar Direcci\u00f3n Bertolotto 366, Lima 32 &#8211; Per\u00fa Contacto M\u00f3vil: (+51) &#8211; 993132582 Email: contacto@lancenters.com.pe Redes Sociales<\/p>\n","protected":false},"author":1,"featured_media":0,"parent":0,"menu_order":0,"comment_status":"closed","ping_status":"closed","template":"","meta":{"_acf_changed":false,"footnotes":""},"class_list":["post-19","page","type-page","status-publish","hentry"],"acf":[],"jetpack_sharing_enabled":true,"_links":{"self":[{"href":"https:\/\/www.lancenters.com.pe\/home\/wp-json\/wp\/v2\/pages\/19"}],"collection":[{"href":"https:\/\/www.lancenters.com.pe\/home\/wp-json\/wp\/v2\/pages"}],"about":[{"href":"https:\/\/www.lancenters.com.pe\/home\/wp-json\/wp\/v2\/types\/page"}],"author":[{"embeddable":true,"href":"https:\/\/www.lancenters.com.pe\/home\/wp-json\/wp\/v2\/users\/1"}],"replies":[{"embeddable":true,"href":"https:\/\/www.lancenters.com.pe\/home\/wp-json\/wp\/v2\/comments?post=19"}],"version-history":[{"count":39,"href":"https:\/\/www.lancenters.com.pe\/home\/wp-json\/wp\/v2\/pages\/19\/revisions"}],"predecessor-version":[{"id":1238,"href":"https:\/\/www.lancenters.com.pe\/home\/wp-json\/wp\/v2\/pages\/19\/revisions\/1238"}],"wp:attachment":[{"href":"https:\/\/www.lancenters.com.pe\/home\/wp-json\/wp\/v2\/media?parent=19"}],"curies":[{"name":"wp","href":"https:\/\/api.w.org\/{rel}","templated":true}]}}